{"id":578,"date":"2020-11-17T16:44:08","date_gmt":"2020-11-17T15:44:08","guid":{"rendered":"http:\/\/devdocker:32817\/?page_id=578"},"modified":"2020-11-17T16:49:09","modified_gmt":"2020-11-17T15:49:09","slug":"page-en-construction","status":"publish","type":"page","link":"https:\/\/www.acsel-conseil-elevage.fr\/index.php\/page-en-construction\/","title":{"rendered":"Page en construction"},"content":{"rendered":"\t\t<div data-elementor-type=\"wp-page\" data-elementor-id=\"578\" class=\"elementor elementor-578\" data-elementor-post-type=\"page\">\n\t\t\t\t\t\t\t\t\t<section class=\"elementor-section elementor-top-section elementor-element elementor-element-2aa7d770 elementor-section-boxed elementor-section-height-default elementor-section-height-default\" data-id=\"2aa7d770\" data-element_type=\"section\" data-settings=\"{&quot;background_background&quot;:&quot;classic&quot;}\">\n\t\t\t\t\t\t<div class=\"elementor-container elementor-column-gap-default\">\n\t\t\t\t\t<div class=\"elementor-column elementor-col-100 elementor-top-column elementor-element elementor-element-24b3789f\" data-id=\"24b3789f\" data-element_type=\"column\">\n\t\t\t<div class=\"elementor-widget-wrap elementor-element-populated\">\n\t\t\t\t\t\t\t\t<div class=\"elementor-element elementor-element-56302f65 elementor-widget elementor-widget-heading\" data-id=\"56302f65\" data-element_type=\"widget\" data-widget_type=\"heading.default\">\n\t\t\t\t<div class=\"elementor-widget-container\">\n\t\t\t<h3 class=\"elementor-heading-title elementor-size-default\">SITE EN CONSTRUCTION<\/h3>\t\t<\/div>\n\t\t\t\t<\/div>\n\t\t\t\t\t<\/div>\n\t\t<\/div>\n\t\t\t\t\t\t\t<\/div>\n\t\t<\/section>\n\t\t\t\t<section class=\"elementor-section elementor-top-section elementor-element elementor-element-134ea0ae elementor-section-boxed elementor-section-height-default elementor-section-height-default\" data-id=\"134ea0ae\" data-element_type=\"section\" data-settings=\"{&quot;background_background&quot;:&quot;classic&quot;}\">\n\t\t\t\t\t\t<div class=\"elementor-container elementor-column-gap-default\">\n\t\t\t\t\t<div class=\"elementor-column elementor-col-100 elementor-top-column elementor-element elementor-element-65a9edd3\" data-id=\"65a9edd3\" data-element_type=\"column\">\n\t\t\t<div class=\"elementor-widget-wrap elementor-element-populated\">\n\t\t\t\t\t\t\t\t<section class=\"elementor-section elementor-inner-section elementor-element elementor-element-3ce52bac elementor-section-content-top elementor-section-boxed elementor-section-height-default elementor-section-height-default\" data-id=\"3ce52bac\" data-element_type=\"section\" data-settings=\"{&quot;background_background&quot;:&quot;classic&quot;,&quot;shape_divider_top&quot;:&quot;arrow&quot;}\">\n\t\t\t\t\t<div class=\"elementor-shape elementor-shape-top\" data-negative=\"false\">\n\t\t\t<svg xmlns=\"http:\/\/www.w3.org\/2000\/svg\" viewBox=\"0 0 700 10\" preserveAspectRatio=\"none\">\n\t<path class=\"elementor-shape-fill\" d=\"M350,10L340,0h20L350,10z\"\/>\n<\/svg>\t\t<\/div>\n\t\t\t\t\t<div class=\"elementor-container elementor-column-gap-no\">\n\t\t\t\t\t<div class=\"elementor-column elementor-col-25 elementor-inner-column elementor-element elementor-element-373014ff\" data-id=\"373014ff\" data-element_type=\"column\">\n\t\t\t<div class=\"elementor-widget-wrap elementor-element-populated\">\n\t\t\t\t\t\t\t\t<div class=\"elementor-element elementor-element-425459af elementor-widget elementor-widget-image\" data-id=\"425459af\" data-element_type=\"widget\" data-widget_type=\"image.default\">\n\t\t\t\t<div class=\"elementor-widget-container\">\n\t\t\t\t\t\t\t\t\t\t\t\t\t\t\t<img fetchpriority=\"high\" decoding=\"async\" width=\"300\" height=\"260\" src=\"https:\/\/www.acsel-conseil-elevage.fr\/wp-content\/uploads\/2020\/09\/vertical-avec-baseline-blanc-300x260.png\" class=\"attachment-medium size-medium wp-image-56\" alt=\"\" srcset=\"https:\/\/www.acsel-conseil-elevage.fr\/wp-content\/uploads\/2020\/09\/vertical-avec-baseline-blanc-300x260.png 300w, https:\/\/www.acsel-conseil-elevage.fr\/wp-content\/uploads\/2020\/09\/vertical-avec-baseline-blanc.png 324w\" sizes=\"(max-width: 300px) 100vw, 300px\" \/>\t\t\t\t\t\t\t\t\t\t\t\t\t\t\t<\/div>\n\t\t\t\t<\/div>\n\t\t\t\t<div class=\"elementor-element elementor-element-2ea0d825 elementor-widget elementor-widget-text-editor\" data-id=\"2ea0d825\" data-element_type=\"widget\" data-widget_type=\"text-editor.default\">\n\t\t\t\t<div class=\"elementor-widget-container\">\n\t\t\t\t\t\t\tDirectement li\u00e9es aux enjeux futurs de l\u2019\u00e9levage, ACSEL a de nombreux domaines d\u2019expertise.\t\t\t\t\t\t<\/div>\n\t\t\t\t<\/div>\n\t\t\t\t\t<\/div>\n\t\t<\/div>\n\t\t\t\t<div class=\"elementor-column elementor-col-25 elementor-inner-column elementor-element elementor-element-3b59fc32\" data-id=\"3b59fc32\" data-element_type=\"column\">\n\t\t\t<div class=\"elementor-widget-wrap elementor-element-populated\">\n\t\t\t\t\t\t\t\t<div class=\"elementor-element elementor-element-428c577d elementor-widget elementor-widget-heading\" data-id=\"428c577d\" data-element_type=\"widget\" data-widget_type=\"heading.default\">\n\t\t\t\t<div class=\"elementor-widget-container\">\n\t\t\t<h4 class=\"elementor-heading-title elementor-size-default\">NOS ORGANISATIONS<\/h4>\t\t<\/div>\n\t\t\t\t<\/div>\n\t\t\t\t<div class=\"elementor-element elementor-element-3ad47215 elementor-align-left elementor-icon-list--layout-traditional elementor-list-item-link-full_width elementor-widget elementor-widget-icon-list\" data-id=\"3ad47215\" data-element_type=\"widget\" data-widget_type=\"icon-list.default\">\n\t\t\t\t<div class=\"elementor-widget-container\">\n\t\t\t\t\t<ul class=\"elementor-icon-list-items\">\n\t\t\t\t\t\t\t<li class=\"elementor-icon-list-item\">\n\t\t\t\t\t\t\t\t\t\t\t<a href=\"http:\/\/www.fidocl.fr\/\" target=\"_blank\" rel=\"nofollow\" class=\"broken_link\">\n\n\t\t\t\t\t\t\t\t\t\t\t<span class=\"elementor-icon-list-text\">FIDOCL<\/span>\n\t\t\t\t\t\t\t\t\t\t\t<\/a>\n\t\t\t\t\t\t\t\t\t<\/li>\n\t\t\t\t\t\t\t\t<li class=\"elementor-icon-list-item\">\n\t\t\t\t\t\t\t\t\t\t\t<a href=\"http:\/\/www.labo-cesar.com\/content\/bienvenue-sur-le-site-de-cesar\" target=\"_blank\" rel=\"nofollow\">\n\n\t\t\t\t\t\t\t\t\t\t\t<span class=\"elementor-icon-list-text\">LABORATOIRE CESAR<\/span>\n\t\t\t\t\t\t\t\t\t\t\t<\/a>\n\t\t\t\t\t\t\t\t\t<\/li>\n\t\t\t\t\t\t\t\t<li class=\"elementor-icon-list-item\">\n\t\t\t\t\t\t\t\t\t\t\t<a href=\"http:\/\/www.oec-ain.fr\/MAEL\" target=\"_blank\" rel=\"nofollow\">\n\n\t\t\t\t\t\t\t\t\t\t\t<span class=\"elementor-icon-list-text\">LABORATOIRE MAEL<\/span>\n\t\t\t\t\t\t\t\t\t\t\t<\/a>\n\t\t\t\t\t\t\t\t\t<\/li>\n\t\t\t\t\t\t\t\t<li class=\"elementor-icon-list-item\">\n\t\t\t\t\t\t\t\t\t\t\t<a href=\"https:\/\/www.okteo.fr\/\" target=\"_blank\" rel=\"nofollow\">\n\n\t\t\t\t\t\t\t\t\t\t\t<span class=\"elementor-icon-list-text\">OKTEO<\/span>\n\t\t\t\t\t\t\t\t\t\t\t<\/a>\n\t\t\t\t\t\t\t\t\t<\/li>\n\t\t\t\t\t\t<\/ul>\n\t\t\t\t<\/div>\n\t\t\t\t<\/div>\n\t\t\t\t<div class=\"elementor-element elementor-element-3fc38b3f elementor-widget elementor-widget-heading\" data-id=\"3fc38b3f\" data-element_type=\"widget\" data-widget_type=\"heading.default\">\n\t\t\t\t<div class=\"elementor-widget-container\">\n\t\t\t<h4 class=\"elementor-heading-title elementor-size-default\">NOS PARTENAIRES<\/h4>\t\t<\/div>\n\t\t\t\t<\/div>\n\t\t\t\t<div class=\"elementor-element elementor-element-1f3c8731 elementor-align-left elementor-icon-list--layout-traditional elementor-list-item-link-full_width elementor-widget elementor-widget-icon-list\" data-id=\"1f3c8731\" data-element_type=\"widget\" data-widget_type=\"icon-list.default\">\n\t\t\t\t<div class=\"elementor-widget-container\">\n\t\t\t\t\t<ul class=\"elementor-icon-list-items\">\n\t\t\t\t\t\t\t<li class=\"elementor-icon-list-item\">\n\t\t\t\t\t\t\t\t\t\t\t<a href=\"https:\/\/chambres-agriculture.fr\/\" target=\"_blank\" rel=\"nofollow\">\n\n\t\t\t\t\t\t\t\t\t\t\t<span class=\"elementor-icon-list-text\">CHAMBRE D'AGRICULTURE<\/span>\n\t\t\t\t\t\t\t\t\t\t\t<\/a>\n\t\t\t\t\t\t\t\t\t<\/li>\n\t\t\t\t\t\t\t\t<li class=\"elementor-icon-list-item\">\n\t\t\t\t\t\t\t\t\t\t\t<a href=\"https:\/\/www.auvergnerhonealpes.fr\/\" target=\"_blank\" rel=\"nofollow\">\n\n\t\t\t\t\t\t\t\t\t\t\t<span class=\"elementor-icon-list-text\">AURA<\/span>\n\t\t\t\t\t\t\t\t\t\t\t<\/a>\n\t\t\t\t\t\t\t\t\t<\/li>\n\t\t\t\t\t\t\t\t<li class=\"elementor-icon-list-item\">\n\t\t\t\t\t\t\t\t\t\t\t<a href=\"https:\/\/www.ain.fr\/\" target=\"_blank\" rel=\"nofollow\">\n\n\t\t\t\t\t\t\t\t\t\t\t<span class=\"elementor-icon-list-text\">D\u00c9PARTEMENT DE L'AIN (01)<\/span>\n\t\t\t\t\t\t\t\t\t\t\t<\/a>\n\t\t\t\t\t\t\t\t\t<\/li>\n\t\t\t\t\t\t\t\t<li class=\"elementor-icon-list-item\">\n\t\t\t\t\t\t\t\t\t\t\t<a href=\"https:\/\/www.saoneetloire71.fr\/\" target=\"_blank\" rel=\"nofollow\">\n\n\t\t\t\t\t\t\t\t\t\t\t<span class=\"elementor-icon-list-text\">D\u00c9PARTEMENT SAONE ET LOIRE (71)<\/span>\n\t\t\t\t\t\t\t\t\t\t\t<\/a>\n\t\t\t\t\t\t\t\t\t<\/li>\n\t\t\t\t\t\t<\/ul>\n\t\t\t\t<\/div>\n\t\t\t\t<\/div>\n\t\t\t\t\t<\/div>\n\t\t<\/div>\n\t\t\t\t<div class=\"elementor-column elementor-col-25 elementor-inner-column elementor-element elementor-element-3a2893dc\" data-id=\"3a2893dc\" data-element_type=\"column\">\n\t\t\t<div class=\"elementor-widget-wrap elementor-element-populated\">\n\t\t\t\t\t\t\t\t<div class=\"elementor-element elementor-element-7b5e5a2 elementor-widget elementor-widget-heading\" data-id=\"7b5e5a2\" data-element_type=\"widget\" data-widget_type=\"heading.default\">\n\t\t\t\t<div class=\"elementor-widget-container\">\n\t\t\t<h2 class=\"elementor-heading-title elementor-size-default\">Bient\u00f4t en ligne<\/h2>\t\t<\/div>\n\t\t\t\t<\/div>\n\t\t\t\t<div class=\"elementor-element elementor-element-f467408 elementor-widget elementor-widget-text-editor\" data-id=\"f467408\" data-element_type=\"widget\" data-widget_type=\"text-editor.default\">\n\t\t\t\t<div class=\"elementor-widget-container\">\n\t\t\t\t\t\t\t<p>En attendant retrouvez nous sur le site des Organisations d&rsquo;\u00c9levage de Ceyzeriat<\/p>\t\t\t\t\t\t<\/div>\n\t\t\t\t<\/div>\n\t\t\t\t<div class=\"elementor-element elementor-element-52e8ed0 elementor-align-center elementor-widget elementor-widget-button\" data-id=\"52e8ed0\" data-element_type=\"widget\" data-widget_type=\"button.default\">\n\t\t\t\t<div class=\"elementor-widget-container\">\n\t\t\t\t\t<div class=\"elementor-button-wrapper\">\n\t\t\t<a class=\"elementor-button elementor-button-link elementor-size-sm\" href=\"http:\/\/www.oec-ain.fr\/ACSEL\">\n\t\t\t\t\t\t<span class=\"elementor-button-content-wrapper\">\n\t\t\t\t\t\t<span class=\"elementor-button-text\">ACSEL CONSEIL ELEVAGE<\/span>\n\t\t<\/span>\n\t\t\t\t\t<\/a>\n\t\t<\/div>\n\t\t\t\t<\/div>\n\t\t\t\t<\/div>\n\t\t\t\t<div class=\"elementor-element elementor-element-bba8f43 elementor-widget elementor-widget-text-editor\" data-id=\"bba8f43\" data-element_type=\"widget\" data-widget_type=\"text-editor.default\">\n\t\t\t\t<div class=\"elementor-widget-container\">\n\t\t\t\t\t\t\t<p>T\u00e9l\u00e9phone : <a href=\"https:\/\/www.google.com\/search?q=telephone+acsel+conseil+elevage&amp;rlz=1C1GCEA_enFR802FR802&amp;oq=telephone+acsel+conseil+elevage&amp;aqs=chrome..69i57.11043j0j7&amp;sourceid=chrome&amp;ie=UTF-8#\" data-dtype=\"d3ifr\" data-local-attribute=\"d3ph\" data-ved=\"2ahUKEwif0rTO9ontAhUC8BQKHfZKBagQkAgoADATegQIGhAX\"><span role=\"link\" aria-label=\"Appeler le 04 74 25 09 50\">04 74 25 09 50<\/span><\/a><\/p>\t\t\t\t\t\t<\/div>\n\t\t\t\t<\/div>\n\t\t\t\t\t<\/div>\n\t\t<\/div>\n\t\t\t\t<div class=\"elementor-column elementor-col-25 elementor-inner-column elementor-element elementor-element-72dbc17a\" data-id=\"72dbc17a\" data-element_type=\"column\">\n\t\t\t<div class=\"elementor-widget-wrap elementor-element-populated\">\n\t\t\t\t\t\t\t\t<div class=\"elementor-element elementor-element-e38701c elementor-view-default elementor-widget elementor-widget-icon\" data-id=\"e38701c\" data-element_type=\"widget\" data-widget_type=\"icon.default\">\n\t\t\t\t<div class=\"elementor-widget-container\">\n\t\t\t\t\t<div class=\"elementor-icon-wrapper\">\n\t\t\t<div class=\"elementor-icon\">\n\t\t\t<i aria-hidden=\"true\" class=\"fas fa-exclamation-triangle\"><\/i>\t\t\t<\/div>\n\t\t<\/div>\n\t\t\t\t<\/div>\n\t\t\t\t<\/div>\n\t\t\t\t\t<\/div>\n\t\t<\/div>\n\t\t\t\t\t\t\t<\/div>\n\t\t<\/section>\n\t\t\t\t<div class=\"elementor-element elementor-element-2e6fcb17 elementor-widget elementor-widget-text-editor\" data-id=\"2e6fcb17\" data-element_type=\"widget\" data-widget_type=\"text-editor.default\">\n\t\t\t\t<div class=\"elementor-widget-container\">\n\t\t\t\t\t\t\t<p>\u00a9 Copyright 2020 ACSEL<\/p>\t\t\t\t\t\t<\/div>\n\t\t\t\t<\/div>\n\t\t\t\t\t<\/div>\n\t\t<\/div>\n\t\t\t\t\t\t\t<\/div>\n\t\t<\/section>\n\t\t\t\t\t\t\t<\/div>\n\t\t","protected":false},"excerpt":{"rendered":"<p>SITE EN CONSTRUCTION Directement li\u00e9es aux enjeux futurs de l\u2019\u00e9levage, ACSEL a de nombreux domaines d\u2019expertise. NOS ORGANISATIONS FIDOCL LABORATOIRE CESAR LABORATOIRE MAEL OKTEO NOS PARTENAIRES CHAMBRE D&rsquo;AGRICULTURE AURA D\u00c9PARTEMENT DE L&rsquo;AIN (01) D\u00c9PARTEMENT SAONE ET LOIRE (71) Bient\u00f4t en ligne En attendant retrouvez nous sur le site des Organisations d&rsquo;\u00c9levage de Ceyzeriat ACSEL CONSEIL [&hellip;]<\/p>\n","protected":false},"author":1,"featured_media":0,"parent":0,"menu_order":0,"comment_status":"closed","ping_status":"closed","template":"","meta":[],"yoast_head":"<!-- This site is optimized with the Yoast SEO plugin v20.1 - https:\/\/yoast.com\/wordpress\/plugins\/seo\/ -->\n<title>Page en construction -<\/title>\n<meta name=\"robots\" content=\"index, follow, max-snippet:-1, max-image-preview:large, max-video-preview:-1\" \/>\n<link rel=\"canonical\" href=\"https:\/\/www.acsel-conseil-elevage.fr\/index.php\/page-en-construction\/\" \/>\n<meta property=\"og:locale\" content=\"fr_FR\" \/>\n<meta property=\"og:type\" content=\"article\" \/>\n<meta property=\"og:title\" content=\"Page en construction -\" \/>\n<meta property=\"og:description\" content=\"SITE EN CONSTRUCTION Directement li\u00e9es aux enjeux futurs de l\u2019\u00e9levage, ACSEL a de nombreux domaines d\u2019expertise. NOS ORGANISATIONS FIDOCL LABORATOIRE CESAR LABORATOIRE MAEL OKTEO NOS PARTENAIRES CHAMBRE D&rsquo;AGRICULTURE AURA D\u00c9PARTEMENT DE L&rsquo;AIN (01) D\u00c9PARTEMENT SAONE ET LOIRE (71) Bient\u00f4t en ligne En attendant retrouvez nous sur le site des Organisations d&rsquo;\u00c9levage de Ceyzeriat ACSEL CONSEIL [&hellip;]\" \/>\n<meta property=\"og:url\" content=\"https:\/\/www.acsel-conseil-elevage.fr\/index.php\/page-en-construction\/\" \/>\n<meta property=\"article:modified_time\" content=\"2020-11-17T15:49:09+00:00\" \/>\n<meta property=\"og:image\" content=\"https:\/\/www.acsel-conseil-elevage.fr\/wp-content\/uploads\/2020\/09\/vertical-avec-baseline-blanc-300x260.png\" \/>\n<meta name=\"twitter:card\" content=\"summary_large_image\" \/>\n<script type=\"application\/ld+json\" class=\"yoast-schema-graph\">{\"@context\":\"https:\/\/schema.org\",\"@graph\":[{\"@type\":\"WebPage\",\"@id\":\"https:\/\/www.acsel-conseil-elevage.fr\/index.php\/page-en-construction\/\",\"url\":\"https:\/\/www.acsel-conseil-elevage.fr\/index.php\/page-en-construction\/\",\"name\":\"Page en construction -\",\"isPartOf\":{\"@id\":\"https:\/\/www.acsel-conseil-elevage.fr\/#website\"},\"datePublished\":\"2020-11-17T15:44:08+00:00\",\"dateModified\":\"2020-11-17T15:49:09+00:00\",\"breadcrumb\":{\"@id\":\"https:\/\/www.acsel-conseil-elevage.fr\/index.php\/page-en-construction\/#breadcrumb\"},\"inLanguage\":\"fr-FR\",\"potentialAction\":[{\"@type\":\"ReadAction\",\"target\":[\"https:\/\/www.acsel-conseil-elevage.fr\/index.php\/page-en-construction\/\"]}]},{\"@type\":\"BreadcrumbList\",\"@id\":\"https:\/\/www.acsel-conseil-elevage.fr\/index.php\/page-en-construction\/#breadcrumb\",\"itemListElement\":[{\"@type\":\"ListItem\",\"position\":1,\"name\":\"Accueil\",\"item\":\"https:\/\/www.acsel-conseil-elevage.fr\/\"},{\"@type\":\"ListItem\",\"position\":2,\"name\":\"Page en construction\"}]},{\"@type\":\"WebSite\",\"@id\":\"https:\/\/www.acsel-conseil-elevage.fr\/#website\",\"url\":\"https:\/\/www.acsel-conseil-elevage.fr\/\",\"name\":\"\",\"description\":\"\",\"potentialAction\":[{\"@type\":\"SearchAction\",\"target\":{\"@type\":\"EntryPoint\",\"urlTemplate\":\"https:\/\/www.acsel-conseil-elevage.fr\/?s={search_term_string}\"},\"query-input\":\"required name=search_term_string\"}],\"inLanguage\":\"fr-FR\"}]}<\/script>\n<!-- \/ Yoast SEO plugin. -->","yoast_head_json":{"title":"Page en construction -","robots":{"index":"index","follow":"follow","max-snippet":"max-snippet:-1","max-image-preview":"max-image-preview:large","max-video-preview":"max-video-preview:-1"},"canonical":"https:\/\/www.acsel-conseil-elevage.fr\/index.php\/page-en-construction\/","og_locale":"fr_FR","og_type":"article","og_title":"Page en construction -","og_description":"SITE EN CONSTRUCTION Directement li\u00e9es aux enjeux futurs de l\u2019\u00e9levage, ACSEL a de nombreux domaines d\u2019expertise. NOS ORGANISATIONS FIDOCL LABORATOIRE CESAR LABORATOIRE MAEL OKTEO NOS PARTENAIRES CHAMBRE D&rsquo;AGRICULTURE AURA D\u00c9PARTEMENT DE L&rsquo;AIN (01) D\u00c9PARTEMENT SAONE ET LOIRE (71) Bient\u00f4t en ligne En attendant retrouvez nous sur le site des Organisations d&rsquo;\u00c9levage de Ceyzeriat ACSEL CONSEIL [&hellip;]","og_url":"https:\/\/www.acsel-conseil-elevage.fr\/index.php\/page-en-construction\/","article_modified_time":"2020-11-17T15:49:09+00:00","og_image":[{"url":"https:\/\/www.acsel-conseil-elevage.fr\/wp-content\/uploads\/2020\/09\/vertical-avec-baseline-blanc-300x260.png"}],"twitter_card":"summary_large_image","schema":{"@context":"https:\/\/schema.org","@graph":[{"@type":"WebPage","@id":"https:\/\/www.acsel-conseil-elevage.fr\/index.php\/page-en-construction\/","url":"https:\/\/www.acsel-conseil-elevage.fr\/index.php\/page-en-construction\/","name":"Page en construction -","isPartOf":{"@id":"https:\/\/www.acsel-conseil-elevage.fr\/#website"},"datePublished":"2020-11-17T15:44:08+00:00","dateModified":"2020-11-17T15:49:09+00:00","breadcrumb":{"@id":"https:\/\/www.acsel-conseil-elevage.fr\/index.php\/page-en-construction\/#breadcrumb"},"inLanguage":"fr-FR","potentialAction":[{"@type":"ReadAction","target":["https:\/\/www.acsel-conseil-elevage.fr\/index.php\/page-en-construction\/"]}]},{"@type":"BreadcrumbList","@id":"https:\/\/www.acsel-conseil-elevage.fr\/index.php\/page-en-construction\/#breadcrumb","itemListElement":[{"@type":"ListItem","position":1,"name":"Accueil","item":"https:\/\/www.acsel-conseil-elevage.fr\/"},{"@type":"ListItem","position":2,"name":"Page en construction"}]},{"@type":"WebSite","@id":"https:\/\/www.acsel-conseil-elevage.fr\/#website","url":"https:\/\/www.acsel-conseil-elevage.fr\/","name":"","description":"","potentialAction":[{"@type":"SearchAction","target":{"@type":"EntryPoint","urlTemplate":"https:\/\/www.acsel-conseil-elevage.fr\/?s={search_term_string}"},"query-input":"required name=search_term_string"}],"inLanguage":"fr-FR"}]}},"_links":{"self":[{"href":"https:\/\/www.acsel-conseil-elevage.fr\/index.php\/wp-json\/wp\/v2\/pages\/578"}],"collection":[{"href":"https:\/\/www.acsel-conseil-elevage.fr\/index.php\/wp-json\/wp\/v2\/pages"}],"about":[{"href":"https:\/\/www.acsel-conseil-elevage.fr\/index.php\/wp-json\/wp\/v2\/types\/page"}],"author":[{"embeddable":true,"href":"https:\/\/www.acsel-conseil-elevage.fr\/index.php\/wp-json\/wp\/v2\/users\/1"}],"replies":[{"embeddable":true,"href":"https:\/\/www.acsel-conseil-elevage.fr\/index.php\/wp-json\/wp\/v2\/comments?post=578"}],"version-history":[{"count":7,"href":"https:\/\/www.acsel-conseil-elevage.fr\/index.php\/wp-json\/wp\/v2\/pages\/578\/revisions"}],"predecessor-version":[{"id":588,"href":"https:\/\/www.acsel-conseil-elevage.fr\/index.php\/wp-json\/wp\/v2\/pages\/578\/revisions\/588"}],"wp:attachment":[{"href":"https:\/\/www.acsel-conseil-elevage.fr\/index.php\/wp-json\/wp\/v2\/media?parent=578"}],"curies":[{"name":"wp","href":"https:\/\/api.w.org\/{rel}","templated":true}]}}